{"id":334,"date":"2016-08-07T01:26:31","date_gmt":"2016-08-07T01:26:31","guid":{"rendered":"https:\/\/www.fossglobal.com\/about-us\/?lang=es"},"modified":"2024-04-09T14:26:47","modified_gmt":"2024-04-09T19:26:47","slug":"nosotros","status":"publish","type":"page","link":"https:\/\/www.fossglobal.com\/es\/nosotros\/","title":{"rendered":"Nosotros"},"content":{"rendered":"<div id=\"pl-334\"  class=\"panel-layout\" ><div id=\"pg-334-0\"  class=\"panel-grid panel-no-style\" ><div id=\"pgc-334-0-0\"  class=\"panel-grid-cell\" ><div id=\"panel-334-0-0-0\" class=\"so-panel widget widget_sow-editor panel-first-child panel-last-child\" data-index=\"0\" ><div\n\t\t\t\n\t\t\tclass=\"so-widget-sow-editor so-widget-sow-editor-base\"\n\t\t\t\n\t\t>\n<div class=\"siteorigin-widget-tinymce textwidget\">\n\t<p>Somos un equipo de profesionales especializados en la industria de prendas de vestir de exportaci\u00f3n, que unidos por la misma pasi\u00f3n, valores \u00a0y experiencia, formamos hace 20 a\u00f1os una agencia textil con sede en LIMA, PER\u00da, pa\u00eds reconocido por su tradici\u00f3n en la industria textil y fabricaci\u00f3n de prendas de vestir.<\/p>\n<p>Confeccionamos prendas de vestir en tejido de punto, tejido plano y su\u00e9teres para hombres, mujeres, ni\u00f1os y beb\u00e9s.<\/p>\n<p>Nuestro objetivo es atender a importadores, mayoristas, distribuidores y minoristas para que produzcan productos de alta calidad en el Per\u00fa. Ofrecemos servicios personalizados y hechos a la medida de nuestros clientes y sus necesidades.\u00a0 Nuestro equipo tiene amplia experiencia y completo conocimiento de la industria textil y confecciones en el Per\u00fa.\u00a0 Esto nos permite controlar los puntos claves a lo largo del ciclo de producci\u00f3n, proporcion\u00e1ndole a nuestros clientes las herramientas necesarias para tomar decisiones eficientes y oportunas.\u00a0 Ofrecemos productos terminados en almac\u00e9n (servicio DDP completo).<\/p>\n<\/div>\n<\/div><\/div><\/div><\/div><\/div>","protected":false},"excerpt":{"rendered":"<p>Somos un equipo de profesionales especializados en la industria de prendas de vestir de exportaci\u00f3n, que unidos por la misma pasi\u00f3n, valores \u00a0y experiencia, formamos hace 20 a\u00f1os una agencia textil con sede en LIMA, PER\u00da, pa\u00eds reconocido por su tradici\u00f3n en la industria textil y fabricaci\u00f3n de prendas de vestir. Confeccionamos prendas de vestir &hellip; <a href=\"https:\/\/www.fossglobal.com\/es\/nosotros\/\">Continued<\/a><\/p>\n","protected":false},"author":2,"featured_media":418,"parent":0,"menu_order":0,"comment_status":"closed","ping_status":"closed","template":"template-page.php","meta":{"footnotes":""},"_links":{"self":[{"href":"https:\/\/www.fossglobal.com\/es\/wp-json\/wp\/v2\/pages\/334"}],"collection":[{"href":"https:\/\/www.fossglobal.com\/es\/wp-json\/wp\/v2\/pages"}],"about":[{"href":"https:\/\/www.fossglobal.com\/es\/wp-json\/wp\/v2\/types\/page"}],"author":[{"embeddable":true,"href":"https:\/\/www.fossglobal.com\/es\/wp-json\/wp\/v2\/users\/2"}],"replies":[{"embeddable":true,"href":"https:\/\/www.fossglobal.com\/es\/wp-json\/wp\/v2\/comments?post=334"}],"version-history":[{"count":8,"href":"https:\/\/www.fossglobal.com\/es\/wp-json\/wp\/v2\/pages\/334\/revisions"}],"predecessor-version":[{"id":675,"href":"https:\/\/www.fossglobal.com\/es\/wp-json\/wp\/v2\/pages\/334\/revisions\/675"}],"wp:featuredmedia":[{"embeddable":true,"href":"https:\/\/www.fossglobal.com\/es\/wp-json\/wp\/v2\/media\/418"}],"wp:attachment":[{"href":"https:\/\/www.fossglobal.com\/es\/wp-json\/wp\/v2\/media?parent=334"}],"curies":[{"name":"wp","href":"https:\/\/api.w.org\/{rel}","templated":true}]}}