{"id":340,"date":"2016-08-07T01:26:47","date_gmt":"2016-08-07T01:26:47","guid":{"rendered":"https:\/\/www.fossglobal.com\/products\/?lang=es"},"modified":"2024-02-05T15:37:17","modified_gmt":"2024-02-05T20:37:17","slug":"productos","status":"publish","type":"page","link":"https:\/\/www.fossglobal.com\/es\/productos\/","title":{"rendered":"Productos"},"content":{"rendered":"<div id=\"pl-340\"  class=\"panel-layout\" ><div id=\"pg-340-0\"  class=\"panel-grid panel-no-style\" ><div id=\"pgc-340-0-0\"  class=\"panel-grid-cell\" ><div id=\"panel-340-0-0-0\" class=\"so-panel widget widget_sow-editor panel-first-child panel-last-child\" data-index=\"0\" ><div\n\t\t\t\n\t\t\tclass=\"so-widget-sow-editor so-widget-sow-editor-base\"\n\t\t\t\n\t\t>\n<div class=\"siteorigin-widget-tinymce textwidget\">\n\t<h3><strong>ALGOD\u00d3N PERUANO<\/strong><\/h3>\n<p>La calidad de los algodones peruanos Pima y Tang\u00fcis es reconocida mundialmente; sus fibras largas aportan resistencia, durabilidad, suavidad y brillo. La fina textura del algod\u00f3n Pima es ideal para mercerizar.<\/p>\n<h3><strong>PRENDAS DE VESTIR<\/strong><\/h3>\n<p>El PER\u00da es reconocido por su tradici\u00f3n en la fabricaci\u00f3n de prendas de vestir de alta calidad y su excelente mano de obra. \u00a0Podemos producir una amplia gama de prendas en tallas regulares y tallas grandes para adultos, ni\u00f1os y beb\u00e9s. \u00a0En tejido de punto: polos, camisetas, pantalones, ropa para beb\u00e9s y bodies, casacas, ropa interior, pijamas, etc, en tejido plano: camisas de primera calidad en algod\u00f3n Pima 100\/2, pantalones y shorts en drill de algod\u00f3n; en su\u00e9teres, cuello redondo, cuello alto, cuello v, cardigans, etc en algod\u00f3n, acr\u00edlico, alpaca, baby alpaca y muchas mezclas. Tambi\u00e9n ofrecemos accesorios de alpaca y mezclas como, chales, bufandas, estolas, ponchos, capas y art\u00edculos para el hogar como ropa de cama, edredones, mantas, cojines, fundas y productos artesanales hechos a mano.<\/p>\n<h3><strong>PRENDAS DE VESTIR\u00a0<\/strong><b>ECOL\u00d3GICAS<\/b><\/h3>\n<p>Podemos ofrecer prendas de vestir hechas de algod\u00f3n org\u00e1nico certificado en colores naturales o te\u00f1idos ha pedido.<\/p>\n<h3><strong>PRENDAS PARA EL DEPORTE<\/strong><\/h3>\n<p>Ropa deportiva para golf, correr, ciclismo, entre otros deportes. Podemos utilizar hilado con propiedades especializadas o podemos a\u00f1adir caracter\u00edsticas t\u00e9cnicas durante el proceso de acabado. Las caracter\u00edsticas incluyen: absorci\u00f3n de humedad, protecci\u00f3n UV, propiedades anti-bacterianas, desprendimiento de la suciedad, repelencia al agua, Cold Black, etc. Aparte de los acabados t\u00e9cnicos, tambi\u00e9n podemos ofrecer construcciones sin costuras.<\/p>\n<h3><strong>ESTAMPADOS \/ BORDADOS<\/strong><\/h3>\n<p>Las capacidades incluyen serigraf\u00edas tradicionales, estampado de tela continua, impresi\u00f3n digital, transfers, sublimaci\u00f3n convencional y digital, burn out y bordados personalizados.<\/p>\n<p>Tambi\u00e9n ofrecemos soporte de dise\u00f1o grafico para nuestros clientes.<\/p>\n<h3><strong>LAVADOS<\/strong><\/h3>\n<p>Ofrecemos variedad de lavados incluyendo: vintage, p\u00e9rdida de color, te\u00f1ido anudado, piedra, arena, enzim\u00e1tico, croma, batik, bigotes, sprays, rayas y lavados ecol\u00f3gicos.<\/p>\n<h3><strong>TELAS<\/strong><\/h3>\n<p>Manejamos una amplia gama de telas de tejido de punto y plano de proveedores de clase mundial.<\/p>\n<\/div>\n<\/div><\/div><\/div><\/div><\/div>","protected":false},"excerpt":{"rendered":"<p>ALGOD\u00d3N PERUANO La calidad de los algodones peruanos Pima y Tang\u00fcis es reconocida mundialmente; sus fibras largas aportan resistencia, durabilidad, suavidad y brillo. La fina textura del algod\u00f3n Pima es ideal para mercerizar. PRENDAS DE VESTIR El PER\u00da es reconocido por su tradici\u00f3n en la fabricaci\u00f3n de prendas de vestir de alta calidad y su &hellip; <a href=\"https:\/\/www.fossglobal.com\/es\/productos\/\">Continued<\/a><\/p>\n","protected":false},"author":2,"featured_media":324,"parent":0,"menu_order":0,"comment_status":"closed","ping_status":"closed","template":"template-page.php","meta":{"footnotes":""},"_links":{"self":[{"href":"https:\/\/www.fossglobal.com\/es\/wp-json\/wp\/v2\/pages\/340"}],"collection":[{"href":"https:\/\/www.fossglobal.com\/es\/wp-json\/wp\/v2\/pages"}],"about":[{"href":"https:\/\/www.fossglobal.com\/es\/wp-json\/wp\/v2\/types\/page"}],"author":[{"embeddable":true,"href":"https:\/\/www.fossglobal.com\/es\/wp-json\/wp\/v2\/users\/2"}],"replies":[{"embeddable":true,"href":"https:\/\/www.fossglobal.com\/es\/wp-json\/wp\/v2\/comments?post=340"}],"version-history":[{"count":10,"href":"https:\/\/www.fossglobal.com\/es\/wp-json\/wp\/v2\/pages\/340\/revisions"}],"predecessor-version":[{"id":631,"href":"https:\/\/www.fossglobal.com\/es\/wp-json\/wp\/v2\/pages\/340\/revisions\/631"}],"wp:featuredmedia":[{"embeddable":true,"href":"https:\/\/www.fossglobal.com\/es\/wp-json\/wp\/v2\/media\/324"}],"wp:attachment":[{"href":"https:\/\/www.fossglobal.com\/es\/wp-json\/wp\/v2\/media?parent=340"}],"curies":[{"name":"wp","href":"https:\/\/api.w.org\/{rel}","templated":true}]}}