{"id":347,"date":"2016-08-07T01:28:12","date_gmt":"2016-08-07T01:28:12","guid":{"rendered":"https:\/\/www.fossglobal.com\/shipping\/?lang=es"},"modified":"2024-04-08T12:43:29","modified_gmt":"2024-04-08T17:43:29","slug":"logistica","status":"publish","type":"page","link":"https:\/\/www.fossglobal.com\/es\/logistica\/","title":{"rendered":"Log\u00edstica"},"content":{"rendered":"<div id=\"pl-347\" class=\"panel-layout\">\n<div id=\"pg-347-0\" class=\"panel-grid panel-no-style\" data-style=\"{&quot;background_display&quot;:&quot;tile&quot;,&quot;full_height&quot;:&quot;&quot;}\">\n<div id=\"pgc-347-0-0\" class=\"panel-grid-cell\" data-weight=\"1\">\n<div id=\"panel-347-0-0-0\" class=\"so-panel widget widget_sow-editor panel-first-child\" data-index=\"0\" data-style=\"{&quot;background_image_attachment&quot;:false,&quot;background_display&quot;:&quot;tile&quot;,&quot;background_image_size&quot;:&quot;full&quot;,&quot;background_image_opacity&quot;:&quot;100&quot;,&quot;border_thickness&quot;:&quot;1px&quot;}\">\n<div class=\"so-widget-sow-editor so-widget-sow-editor-base\">\n<div class=\"siteorigin-widget-tinymce textwidget\">\n<p>Proporcionamos servicios DDP a MIA, NYC y LAX a trav\u00e9s de operadores log\u00edsticos locales e internacionales. El tiempo de tr\u00e1nsito por v\u00eda mar\u00edtima a MIA\/ NYC es de 10-15 d\u00edas y 14-21 d\u00edas a LAX.<span class=\"m_-7274755647305252283apple-converted-space\">\u00a0La frecuencia de vuelos para estos <\/span>tres destinos es diaria.<\/p>\n<\/div>\n<\/div>\n<\/div>\n<div id=\"panel-347-0-0-1\" class=\"so-panel widget widget_sow-editor\" data-index=\"1\" data-style=\"{&quot;background_image_attachment&quot;:false,&quot;background_display&quot;:&quot;tile&quot;}\">\n<div class=\"so-widget-sow-editor so-widget-sow-editor-base\">\n<div class=\"siteorigin-widget-tinymce textwidget\">\n<h2><strong>Aranceles\/Impuestos<\/strong><\/h2>\n<p>Per\u00fa est\u00e1 suscrito a diversos acuerdos comerciales y muchas importaciones Peruanas tienen tratamientos preferenciales en los siguientes pa\u00edses:<\/p>\n<\/div>\n<\/div>\n<\/div>\n<\/div>\n<\/div>\n<\/div>\n\n\n<div class=\"wp-block-columns is-layout-flex wp-container-core-columns-is-layout-1 wp-block-columns-is-layout-flex\">\n<div class=\"wp-block-column is-layout-flow wp-block-column-is-layout-flow\">\n<p><img loading=\"lazy\" decoding=\"async\" src=\"https:\/\/www.fossglobal.com\/wp-content\/uploads\/2016\/08\/image011.jpg\" alt=\"image011\" width=\"23\" height=\"15\">&nbsp;Alemania<\/p>\n\n\n\n<p><img loading=\"lazy\" decoding=\"async\" src=\"https:\/\/www.fossglobal.com\/wp-content\/uploads\/2016\/08\/ar.png\" alt=\"ar\" width=\"24\" height=\"16\">&nbsp;Argentina<\/p>\n\n\n\n<p><img loading=\"lazy\" decoding=\"async\" src=\"https:\/\/www.fossglobal.com\/wp-content\/uploads\/2016\/08\/au.png\" alt=\"au\" width=\"28\" height=\"14\">&nbsp;Australia<\/p>\n\n\n\n<p><img loading=\"lazy\" decoding=\"async\" src=\"https:\/\/www.fossglobal.com\/wp-content\/uploads\/2016\/08\/image001.jpg\" alt=\"image001\" width=\"23\" height=\"15\">&nbsp;Austria<\/p>\n\n\n\n<p><img loading=\"lazy\" decoding=\"async\" src=\"https:\/\/www.fossglobal.com\/wp-content\/uploads\/2016\/08\/bo.png\" alt=\"bo\" width=\"23\" height=\"15\">&nbsp;Bolivia<\/p>\n\n\n\n<p><img loading=\"lazy\" decoding=\"async\" src=\"https:\/\/www.fossglobal.com\/wp-content\/uploads\/2016\/08\/br.png\" alt=\"br\" width=\"23\" height=\"16\">&nbsp;Brasil<\/p>\n\n\n\n<p><img loading=\"lazy\" decoding=\"async\" src=\"https:\/\/www.fossglobal.com\/wp-content\/uploads\/2016\/08\/image002.jpg\" alt=\"image002\" width=\"24\" height=\"16\">&nbsp;B\u00e9lgica<\/p>\n\n\n\n<p><img loading=\"lazy\" decoding=\"async\" src=\"https:\/\/www.fossglobal.com\/wp-content\/uploads\/2016\/08\/image003.jpg\" alt=\"image003\" width=\"24\" height=\"16\">&nbsp;Bulgaria<\/p>\n\n\n\n<p><img loading=\"lazy\" decoding=\"async\" src=\"https:\/\/www.fossglobal.com\/wp-content\/uploads\/2016\/08\/ca.png\" alt=\"ca\" width=\"26\" height=\"13\">&nbsp;Canad\u00e1<\/p>\n\n\n\n<p><img loading=\"lazy\" decoding=\"async\" src=\"https:\/\/www.fossglobal.com\/wp-content\/uploads\/2016\/08\/cl.png\" alt=\"cl\" width=\"25\" height=\"16\">&nbsp;Chile<\/p>\n\n\n\n<p><img loading=\"lazy\" decoding=\"async\" src=\"https:\/\/www.fossglobal.com\/wp-content\/uploads\/2016\/08\/cn.png\" alt=\"cn\" width=\"26\" height=\"17\">&nbsp;China<\/p>\n\n\n\n<p><img loading=\"lazy\" decoding=\"async\" src=\"https:\/\/www.fossglobal.com\/wp-content\/uploads\/2016\/08\/image005.jpg\" alt=\"image005\" width=\"27\" height=\"18\">&nbsp;Chipre<\/p>\n\n\n\n<p><img loading=\"lazy\" decoding=\"async\" src=\"https:\/\/www.fossglobal.com\/wp-content\/uploads\/2016\/08\/co.png\" alt=\"co\" width=\"26\" height=\"17\">&nbsp;Colombia<\/p>\n\n\n\n<p><img loading=\"lazy\" decoding=\"async\" src=\"https:\/\/www.fossglobal.com\/wp-content\/uploads\/2016\/08\/kr.png\" alt=\"kr\" width=\"26\" height=\"17\"> Corea del Sur<\/p>\n\n\n\n<p><img loading=\"lazy\" decoding=\"async\" src=\"https:\/\/www.fossglobal.com\/wp-content\/uploads\/2016\/08\/cr.png\" alt=\"cr\" width=\"26\" height=\"16\">&nbsp;Costa Rica<\/p>\n\n\n\n<p><img loading=\"lazy\" decoding=\"async\" src=\"https:\/\/www.fossglobal.com\/wp-content\/uploads\/2016\/08\/image004.png\" alt=\"image004\" width=\"23\" height=\"15\">&nbsp;Croacia<\/p>\n\n\n\n<p><img loading=\"lazy\" decoding=\"async\" src=\"https:\/\/www.fossglobal.com\/wp-content\/uploads\/2016\/08\/cu.png\" alt=\"cu\" width=\"22\" height=\"11\">&nbsp;Cuba<\/p>\n\n\n\n<p><img loading=\"lazy\" decoding=\"async\" src=\"https:\/\/www.fossglobal.com\/wp-content\/uploads\/2016\/08\/image007.jpg\" alt=\"image007\" width=\"23\" height=\"15\">&nbsp;Dinamarca<\/p>\n<\/div>\n\n\n\n<div class=\"wp-block-column is-layout-flow wp-block-column-is-layout-flow\">\n<p><img loading=\"lazy\" decoding=\"async\" src=\"https:\/\/www.fossglobal.com\/wp-content\/uploads\/2016\/08\/ec.png\" alt=\"ec\" width=\"24\" height=\"12\">&nbsp;Ecuador<\/p>\n\n\n\n<p><img loading=\"lazy\" decoding=\"async\" src=\"https:\/\/www.fossglobal.com\/wp-content\/uploads\/2016\/08\/image024.jpg\" alt=\"image024\" width=\"24\" height=\"16\">&nbsp;Eslovaquia<\/p>\n\n\n\n<p><img loading=\"lazy\" decoding=\"async\" src=\"https:\/\/www.fossglobal.com\/wp-content\/uploads\/2016\/08\/image025.jpg\" alt=\"image025\" width=\"24\" height=\"16\">&nbsp;Eslovenia<\/p>\n\n\n\n<p><img loading=\"lazy\" decoding=\"async\" src=\"https:\/\/www.fossglobal.com\/wp-content\/uploads\/2016\/08\/image026.jpg\" alt=\"image026\" width=\"23\" height=\"15\">&nbsp;Espa\u00f1a<\/p>\n\n\n\n<p><img loading=\"lazy\" decoding=\"async\" src=\"https:\/\/www.fossglobal.com\/wp-content\/uploads\/2016\/08\/us.png\" alt=\"us\" width=\"24\" height=\"13\"> Estados Unidos<\/p>\n\n\n\n<p><img loading=\"lazy\" decoding=\"async\" src=\"https:\/\/www.fossglobal.com\/wp-content\/uploads\/2016\/08\/image008.jpg\" alt=\"image008\" width=\"24\" height=\"16\">&nbsp;Estonia<\/p>\n\n\n\n<p><img loading=\"lazy\" decoding=\"async\" src=\"https:\/\/www.fossglobal.com\/wp-content\/uploads\/2016\/08\/image009.jpg\" alt=\"image009\" width=\"24\" height=\"16\">&nbsp;Finlandia<\/p>\n\n\n\n<p><img loading=\"lazy\" decoding=\"async\" src=\"https:\/\/www.fossglobal.com\/wp-content\/uploads\/2016\/08\/image010.jpg\" alt=\"image010\" width=\"24\" height=\"16\">&nbsp;Francia<\/p>\n\n\n\n<p><img loading=\"lazy\" decoding=\"async\" src=\"https:\/\/www.fossglobal.com\/wp-content\/uploads\/2016\/08\/image012.jpg\" alt=\"image012\" width=\"23\" height=\"15\">&nbsp;Grecia<\/p>\n\n\n\n<p><img loading=\"lazy\" decoding=\"async\" src=\"https:\/\/www.fossglobal.com\/wp-content\/uploads\/2016\/08\/image013.jpg\" alt=\"image013\" width=\"26\" height=\"17\">&nbsp;Hungr\u00eda<\/p>\n\n\n\n<p><img loading=\"lazy\" decoding=\"async\" src=\"https:\/\/www.fossglobal.com\/wp-content\/uploads\/2016\/08\/image014.jpg\" alt=\"image014\" width=\"24\" height=\"16\">&nbsp;Irlanda<\/p>\n\n\n\n<p><img loading=\"lazy\" decoding=\"async\" src=\"https:\/\/www.fossglobal.com\/wp-content\/uploads\/2016\/08\/is.png\" alt=\"is\" width=\"25\" height=\"18\"> Islandia<\/p>\n\n\n\n<p><img loading=\"lazy\" decoding=\"async\" src=\"https:\/\/www.fossglobal.com\/wp-content\/uploads\/2016\/08\/image015.jpg\" alt=\"image015\" width=\"24\" height=\"16\">&nbsp;Italia<\/p>\n\n\n\n<p><img loading=\"lazy\" decoding=\"async\" src=\"https:\/\/www.fossglobal.com\/wp-content\/uploads\/2016\/08\/jp.png\" alt=\"jp\" width=\"24\" height=\"16\">&nbsp;Jap\u00f3n<\/p>\n\n\n\n<p><img loading=\"lazy\" decoding=\"async\" src=\"https:\/\/www.fossglobal.com\/wp-content\/uploads\/2016\/08\/image016.jpg\" alt=\"image016\" width=\"25\" height=\"16\">&nbsp;Letonia<\/p>\n\n\n\n<p><img loading=\"lazy\" decoding=\"async\" src=\"https:\/\/www.fossglobal.com\/wp-content\/uploads\/2016\/08\/li.png\" alt=\"li\" width=\"24\" height=\"15\"> Lichtenstein<\/p>\n\n\n\n<p><img loading=\"lazy\" decoding=\"async\" src=\"https:\/\/www.fossglobal.com\/wp-content\/uploads\/2016\/08\/image017.jpg\" alt=\"image017\" width=\"24\" height=\"16\">&nbsp;Lituania<\/p>\n\n\n\n<p><img loading=\"lazy\" decoding=\"async\" src=\"https:\/\/www.fossglobal.com\/wp-content\/uploads\/2016\/08\/image018.jpg\" alt=\"image018\" width=\"26\" height=\"17\">&nbsp;Luxemburgo<\/p>\n<\/div>\n\n\n\n<div class=\"wp-block-column is-layout-flow wp-block-column-is-layout-flow\">\n<p><img loading=\"lazy\" decoding=\"async\" src=\"https:\/\/www.fossglobal.com\/wp-content\/uploads\/2016\/08\/image019.jpg\" alt=\"image019\" width=\"26\" height=\"17\">&nbsp;Malta<\/p>\n\n\n\n<p><img loading=\"lazy\" decoding=\"async\" src=\"https:\/\/www.fossglobal.com\/wp-content\/uploads\/2016\/08\/mx.png\" alt=\"mx\" width=\"26\" height=\"15\">&nbsp;M\u00e9xico<\/p>\n\n\n\n<p><img loading=\"lazy\" decoding=\"async\" src=\"https:\/\/www.fossglobal.com\/wp-content\/uploads\/2016\/08\/no.png\" alt=\"no\" width=\"26\" height=\"18\"> Noruega<\/p>\n\n\n\n<p><img loading=\"lazy\" decoding=\"async\" src=\"https:\/\/www.fossglobal.com\/wp-content\/uploads\/2016\/08\/nz.png\" alt=\"nz\" width=\"26\" height=\"13\">&nbsp;Nueva Zelanda<\/p>\n\n\n\n<p><img loading=\"lazy\" decoding=\"async\" src=\"https:\/\/www.fossglobal.com\/wp-content\/uploads\/2016\/08\/pa.png\" alt=\"pa\" width=\"26\" height=\"17\">&nbsp;Panam\u00e1<\/p>\n\n\n\n<p><img loading=\"lazy\" decoding=\"async\" src=\"https:\/\/www.fossglobal.com\/wp-content\/uploads\/2016\/08\/py.png\" alt=\"py\" width=\"25\" height=\"15\">&nbsp;Paraguay<\/p>\n\n\n\n<p><img loading=\"lazy\" decoding=\"async\" src=\"https:\/\/www.fossglobal.com\/wp-content\/uploads\/2016\/08\/image020.jpg\" alt=\"image020\" width=\"26\" height=\"17\">&nbsp;Pa\u00edses Bajos<\/p>\n\n\n\n<p><img loading=\"lazy\" decoding=\"async\" src=\"https:\/\/www.fossglobal.com\/wp-content\/uploads\/2016\/08\/image021.jpg\" alt=\"image021\" width=\"24\" height=\"16\">&nbsp;Polonia<\/p>\n\n\n\n<p><img loading=\"lazy\" decoding=\"async\" src=\"https:\/\/www.fossglobal.com\/wp-content\/uploads\/2016\/08\/image022.jpg\" alt=\"image022\" width=\"23\" height=\"15\">&nbsp;Portugal<\/p>\n\n\n\n<p><img loading=\"lazy\" decoding=\"async\" src=\"https:\/\/www.fossglobal.com\/wp-content\/uploads\/2016\/08\/image028.jpg\" alt=\"image028\" width=\"24\" height=\"16\">&nbsp;Reino Unido<\/p>\n\n\n\n<p><img loading=\"lazy\" decoding=\"async\" src=\"https:\/\/www.fossglobal.com\/wp-content\/uploads\/2016\/08\/image006.jpg\" alt=\"image006\" width=\"24\" height=\"16\">&nbsp;Rep\u00fablica Checa<\/p>\n\n\n\n<p><img loading=\"lazy\" decoding=\"async\" src=\"https:\/\/www.fossglobal.com\/wp-content\/uploads\/2016\/08\/image023.jpg\" alt=\"image023\" width=\"23\" height=\"15\">&nbsp;Rumania<\/p>\n\n\n\n<p><img loading=\"lazy\" decoding=\"async\" src=\"https:\/\/www.fossglobal.com\/wp-content\/uploads\/2016\/08\/sg.png\" alt=\"sg\" width=\"23\" height=\"15\"> Singapur<\/p>\n\n\n\n<p><img loading=\"lazy\" decoding=\"async\" src=\"https:\/\/www.fossglobal.com\/wp-content\/uploads\/2016\/08\/image027.jpg\" alt=\"image027\" width=\"24\" height=\"16\">&nbsp;Suecia<\/p>\n\n\n\n<p><img loading=\"lazy\" decoding=\"async\" src=\"https:\/\/www.fossglobal.com\/wp-content\/uploads\/2016\/08\/ch.png\" alt=\"ch\" width=\"20\" height=\"20\"> Suiza<\/p>\n\n\n\n<p><img loading=\"lazy\" decoding=\"async\" src=\"https:\/\/www.fossglobal.com\/wp-content\/uploads\/2016\/08\/th.png\" alt=\"th\" width=\"24\" height=\"16\"> Tailandia<\/p>\n\n\n\n<p><img loading=\"lazy\" decoding=\"async\" src=\"https:\/\/www.fossglobal.com\/wp-content\/uploads\/2016\/08\/uy.png\" alt=\"uy\" width=\"26\" height=\"17\">&nbsp;Uruguay<\/p>\n<\/div>\n<\/div>\n\n\n\n<p>Por implementar:<\/p>\n\n\n\n<div class=\"wp-block-columns is-layout-flex wp-container-core-columns-is-layout-2 wp-block-columns-is-layout-flex\">\n<div class=\"wp-block-column is-layout-flow wp-block-column-is-layout-flow\">\n<p><img loading=\"lazy\" decoding=\"async\" src=\"https:\/\/www.fossglobal.com\/wp-content\/uploads\/2016\/08\/bn.png\" alt=\"bn\" width=\"28\" height=\"14\">&nbsp;Brunei<\/p>\n\n\n\n<p><img loading=\"lazy\" decoding=\"async\" src=\"https:\/\/www.fossglobal.com\/wp-content\/uploads\/2016\/08\/gt.png\" alt=\"gt\" width=\"26\" height=\"16\">&nbsp;Guatemala<\/p>\n<\/div>\n\n\n\n<div class=\"wp-block-column is-layout-flow wp-block-column-is-layout-flow\">\n<p><img loading=\"lazy\" decoding=\"async\" src=\"https:\/\/www.fossglobal.com\/wp-content\/uploads\/2016\/08\/hn.png\" alt=\"hn\" width=\"28\" height=\"14\">&nbsp;Honduras<\/p>\n\n\n\n<p><img loading=\"lazy\" decoding=\"async\" src=\"https:\/\/www.fossglobal.com\/wp-content\/uploads\/2016\/08\/my.png\" alt=\"my\" width=\"26\" height=\"13\"> Malasia<\/p>\n<\/div>\n\n\n\n<div class=\"wp-block-column is-layout-flow wp-block-column-is-layout-flow\">\n<p><img loading=\"lazy\" decoding=\"async\" width=\"26\" height=\"17\" src=\"https:\/\/www.fossglobal.com\/wp-content\/uploads\/2016\/08\/vn.png\" alt=\"vn\">\u00a0Vietnam<\/p>\n<\/div>\n<\/div>\n","protected":false},"excerpt":{"rendered":"<p>Proporcionamos servicios DDP a MIA, NYC y LAX a trav\u00e9s de operadores log\u00edsticos locales e internacionales. El tiempo de tr\u00e1nsito por v\u00eda mar\u00edtima a MIA\/ NYC es de 10-15 d\u00edas y 14-21 d\u00edas a LAX.\u00a0La frecuencia de vuelos para estos tres destinos es diaria. Aranceles\/Impuestos Per\u00fa est\u00e1 suscrito a diversos acuerdos comerciales y muchas importaciones &hellip; <a href=\"https:\/\/www.fossglobal.com\/es\/logistica\/\">Continued<\/a><\/p>\n","protected":false},"author":2,"featured_media":386,"parent":0,"menu_order":0,"comment_status":"closed","ping_status":"closed","template":"template-page.php","meta":{"footnotes":""},"_links":{"self":[{"href":"https:\/\/www.fossglobal.com\/es\/wp-json\/wp\/v2\/pages\/347"}],"collection":[{"href":"https:\/\/www.fossglobal.com\/es\/wp-json\/wp\/v2\/pages"}],"about":[{"href":"https:\/\/www.fossglobal.com\/es\/wp-json\/wp\/v2\/types\/page"}],"author":[{"embeddable":true,"href":"https:\/\/www.fossglobal.com\/es\/wp-json\/wp\/v2\/users\/2"}],"replies":[{"embeddable":true,"href":"https:\/\/www.fossglobal.com\/es\/wp-json\/wp\/v2\/comments?post=347"}],"version-history":[{"count":18,"href":"https:\/\/www.fossglobal.com\/es\/wp-json\/wp\/v2\/pages\/347\/revisions"}],"predecessor-version":[{"id":674,"href":"https:\/\/www.fossglobal.com\/es\/wp-json\/wp\/v2\/pages\/347\/revisions\/674"}],"wp:featuredmedia":[{"embeddable":true,"href":"https:\/\/www.fossglobal.com\/es\/wp-json\/wp\/v2\/media\/386"}],"wp:attachment":[{"href":"https:\/\/www.fossglobal.com\/es\/wp-json\/wp\/v2\/media?parent=347"}],"curies":[{"name":"wp","href":"https:\/\/api.w.org\/{rel}","templated":true}]}}