{"id":350,"date":"2016-08-07T01:28:27","date_gmt":"2016-08-07T01:28:27","guid":{"rendered":"https:\/\/www.fossglobal.com\/contact\/?lang=es"},"modified":"2016-10-03T17:16:09","modified_gmt":"2016-10-03T22:16:09","slug":"contacto","status":"publish","type":"page","link":"https:\/\/www.fossglobal.com\/es\/contacto\/","title":{"rendered":"Contacto"},"content":{"rendered":"<div id=\"pl-350\"  class=\"panel-layout\" ><div id=\"pg-350-0\"  class=\"panel-grid panel-no-style\" ><div id=\"pgc-350-0-0\"  class=\"panel-grid-cell\" ><div id=\"panel-350-0-0-0\" class=\"so-panel widget widget_sow-editor panel-first-child panel-last-child\" data-index=\"0\" ><div\n\t\t\t\n\t\t\tclass=\"so-widget-sow-editor so-widget-sow-editor-base\"\n\t\t\t\n\t\t>\n<div class=\"siteorigin-widget-tinymce textwidget\">\n\t<h4>DIRECCI\u00d3N<\/h4>\n<p>Los Crisantemos 351 La Molina<\/p>\n<p>Lima 12, Per\u00fa<\/p>\n<p><strong><span style=\"color: #000000;\"><a style=\"color: #000000;\" href=\"tel:5113656857\">+51 (1) 365-6857<\/a><\/span><\/strong><\/p>\n<p><strong><span style=\"color: #000000;\"><a style=\"color: #000000;\" href=\"tel:511947368961\" target=\"_blank\">+51 947 368 961<\/a><\/span><\/strong><\/p>\n<\/div>\n<\/div><\/div><\/div><div id=\"pgc-350-0-1\"  class=\"panel-grid-cell\" ><div id=\"panel-350-0-1-0\" class=\"so-panel widget widget_sow-editor panel-first-child panel-last-child\" data-index=\"1\" ><div\n\t\t\t\n\t\t\tclass=\"so-widget-sow-editor so-widget-sow-editor-base\"\n\t\t\t\n\t\t>\n<div class=\"siteorigin-widget-tinymce textwidget\">\n\t<h4 class=\"vc_custom_heading vc_custom_1459667947257\" style=\"text-align: center;\">CONT\u00c1CTENOS PARA OBTENER MAYOR\u00a0INFORMACI\u00d3N<\/h4>\n<div role=\"form\" class=\"wpcf7\" id=\"wpcf7-f353-o1\" lang=\"en-US\" dir=\"ltr\">\n<div class=\"screen-reader-response\"><\/div>\n<form action=\"\/es\/wp-json\/wp\/v2\/pages\/350#wpcf7-f353-o1\" method=\"post\" class=\"wpcf7-form\" novalidate=\"novalidate\">\n<div style=\"display: none;\">\n<input type=\"hidden\" name=\"_wpcf7\" value=\"353\" \/><br \/>\n<input type=\"hidden\" name=\"_wpcf7_version\" value=\"5.0.5\" \/><br \/>\n<input type=\"hidden\" name=\"_wpcf7_locale\" value=\"en_US\" \/><br \/>\n<input type=\"hidden\" name=\"_wpcf7_unit_tag\" value=\"wpcf7-f353-o1\" \/><br \/>\n<input type=\"hidden\" name=\"_wpcf7_container_post\" value=\"0\" \/>\n<\/div>\n<div class=\"row\">\n<div class=\"form-group col-sm-12\">\n    <span class=\"wpcf7-form-control-wrap your-name\"><input type=\"text\" name=\"your-name\" value=\"\" size=\"40\" class=\"wpcf7-form-control wpcf7-text wpcf7-validates-as-required form-control\" aria-required=\"true\" aria-invalid=\"false\" placeholder=\"Nombre*\" \/><\/span>\n<\/div>\n<div class=\"form-group col-sm-12\">\n    <span class=\"wpcf7-form-control-wrap your-email\"><input type=\"email\" name=\"your-email\" value=\"\" size=\"40\" class=\"wpcf7-form-control wpcf7-text wpcf7-email wpcf7-validates-as-required wpcf7-validates-as-email form-control\" aria-required=\"true\" aria-invalid=\"false\" placeholder=\"Email*\" \/><\/span>\n<\/div>\n<div class=\"form-group col-sm-12\">\n    <span class=\"wpcf7-form-control-wrap tel-phone\"><input type=\"tel\" name=\"tel-phone\" value=\"\" size=\"40\" class=\"wpcf7-form-control wpcf7-text wpcf7-tel wpcf7-validates-as-tel form-control\" aria-invalid=\"false\" placeholder=\"Tel\u00e9fono\" \/><\/span>\n<\/div>\n<div class=\"form-group col-sm-12\">\n    <span class=\"wpcf7-form-control-wrap your-message\"><textarea name=\"your-message\" cols=\"40\" rows=\"10\" class=\"wpcf7-form-control wpcf7-textarea form-control\" aria-invalid=\"false\" placeholder=\"Mensaje\"><\/textarea><\/span>\n<\/div>\n<div class=\"form-group col-sm-12\">\n<input type=\"submit\" value=\"ENVIAR MENSAJE\" class=\"wpcf7-form-control wpcf7-submit btn btn-primary pull-right\" \/>\n<\/div>\n<\/div>\n<div class=\"wpcf7-response-output wpcf7-display-none\"><\/div>\n<\/form>\n<\/div>\n<\/div>\n<\/div><\/div><\/div><\/div><\/div>","protected":false},"excerpt":{"rendered":"<p>DIRECCI\u00d3NLos Crisantemos 351 La MolinaLima 12, Per\u00fa+51 (1) 365-6857+51 947 368 961 CONT\u00c1CTENOS PARA OBTENER MAYOR\u00a0INFORMACI\u00d3N<\/p>\n","protected":false},"author":2,"featured_media":431,"parent":0,"menu_order":0,"comment_status":"closed","ping_status":"closed","template":"template-page.php","meta":{"footnotes":""},"_links":{"self":[{"href":"https:\/\/www.fossglobal.com\/es\/wp-json\/wp\/v2\/pages\/350"}],"collection":[{"href":"https:\/\/www.fossglobal.com\/es\/wp-json\/wp\/v2\/pages"}],"about":[{"href":"https:\/\/www.fossglobal.com\/es\/wp-json\/wp\/v2\/types\/page"}],"author":[{"embeddable":true,"href":"https:\/\/www.fossglobal.com\/es\/wp-json\/wp\/v2\/users\/2"}],"replies":[{"embeddable":true,"href":"https:\/\/www.fossglobal.com\/es\/wp-json\/wp\/v2\/comments?post=350"}],"version-history":[{"count":5,"href":"https:\/\/www.fossglobal.com\/es\/wp-json\/wp\/v2\/pages\/350\/revisions"}],"predecessor-version":[{"id":605,"href":"https:\/\/www.fossglobal.com\/es\/wp-json\/wp\/v2\/pages\/350\/revisions\/605"}],"wp:featuredmedia":[{"embeddable":true,"href":"https:\/\/www.fossglobal.com\/es\/wp-json\/wp\/v2\/media\/431"}],"wp:attachment":[{"href":"https:\/\/www.fossglobal.com\/es\/wp-json\/wp\/v2\/media?parent=350"}],"curies":[{"name":"wp","href":"https:\/\/api.w.org\/{rel}","templated":true}]}}