{"id":356,"date":"2016-08-06T20:37:26","date_gmt":"2016-08-07T01:37:26","guid":{"rendered":"https:\/\/www.fossglobal.com\/es\/home\/"},"modified":"2016-09-18T23:52:02","modified_gmt":"2016-09-19T04:52:02","slug":"home","status":"publish","type":"page","link":"https:\/\/www.fossglobal.com\/es\/","title":{"rendered":"Inicio"},"content":{"rendered":"<div id=\"pl-356\"  class=\"panel-layout\" ><div id=\"pg-356-0\"  class=\"panel-grid panel-has-style\" ><div class=\"siteorigin-panels-stretch panel-row-style panel-row-style-for-356-0\" data-stretch-type=\"full-stretched\" ><div id=\"pgc-356-0-0\"  class=\"panel-grid-cell\" ><div id=\"panel-356-0-0-0\" class=\"so-panel widget widget_text panel-first-child panel-last-child\" data-index=\"0\" >\t\t\t<div class=\"textwidget\"><div tabindex=\"0\" class=\"cycloneslider cycloneslider-template-dark cycloneslider-width-full\" id=\"cycloneslider-home-slider-es-1\" > <div class=\"cycloneslider-slides cycle-slideshow\" data-cycle-allow-wrap=\"true\" data-cycle-dynamic-height=\"off\" data-cycle-auto-height=\"1800:400\" data-cycle-auto-height-easing=\"null\" data-cycle-auto-height-speed=\"250\" data-cycle-delay=\"0\" data-cycle-easing=\"\" data-cycle-fx=\"fadeout\" data-cycle-hide-non-active=\"true\" data-cycle-log=\"false\" data-cycle-next=\"#cycloneslider-home-slider-es-1 .cycloneslider-next\" data-cycle-pager=\"#cycloneslider-home-slider-es-1 .cycloneslider-pager\" data-cycle-pause-on-hover=\"true\" data-cycle-prev=\"#cycloneslider-home-slider-es-1 .cycloneslider-prev\" data-cycle-slides=\"&gt; div\" data-cycle-speed=\"500\" data-cycle-swipe=\"1\" data-cycle-tile-count=\"7\" data-cycle-tile-delay=\"100\" data-cycle-tile-vertical=\"true\" data-cycle-timeout=\"5000\" > <div class=\"cycloneslider-slide cycloneslider-slide-image\" > <img decoding=\"async\" src=\"https:\/\/www.fossglobal.com\/wp-content\/uploads\/2016\/09\/carrusel2-1.jpg\" alt=\"\" title=\"\" \/> <div class=\"cycloneslider-caption\"> <div class=\"cycloneslider-caption-title\">PROFESIONALES<\/div> <div class=\"cycloneslider-caption-description\">dedicados a la confecci\u00f3n y exportaci\u00f3n de prendas de vestir<\/div> <\/div> <\/div> <div class=\"cycloneslider-slide cycloneslider-slide-image\" > <img decoding=\"async\" src=\"https:\/\/www.fossglobal.com\/wp-content\/uploads\/2016\/09\/fossglobal-slide1.jpg\" alt=\"\" title=\"\" \/> <div class=\"cycloneslider-caption\"> <div class=\"cycloneslider-caption-title\">PROFESIONALES<\/div> <div class=\"cycloneslider-caption-description\">dedicados a la confecci\u00f3n y exportaci\u00f3n de prendas de vestir<\/div> <\/div> <\/div> <div class=\"cycloneslider-slide cycloneslider-slide-image\" > <img decoding=\"async\" src=\"https:\/\/www.fossglobal.com\/wp-content\/uploads\/2016\/09\/fossglobal-slide3.jpg\" alt=\"\" title=\"\" \/> <div class=\"cycloneslider-caption\"> <div class=\"cycloneslider-caption-title\">PROFESIONALES<\/div> <div class=\"cycloneslider-caption-description\">dedicados a la confecci\u00f3n y exportaci\u00f3n de prendas de vestir<\/div> <\/div> <\/div> <\/div> <a href=\"#\" class=\"cycloneslider-prev\"> <span class=\"arrow\"><\/span> <\/a> <a href=\"#\" class=\"cycloneslider-next\"> <span class=\"arrow\"><\/span> <\/a> <\/div><\/div>\n\t\t<\/div><\/div><\/div><\/div><\/div>","protected":false},"excerpt":{"rendered":"<p>PROFESIONALES dedicados a la confecci\u00f3n y exportaci\u00f3n de prendas de vestir PROFESIONALES dedicados a la confecci\u00f3n y exportaci\u00f3n de prendas de vestir PROFESIONALES dedicados a la confecci\u00f3n y exportaci\u00f3n de prendas de vestir<\/p>\n","protected":false},"author":2,"featured_media":0,"parent":0,"menu_order":0,"comment_status":"closed","ping_status":"closed","template":"template-fullwidth.php","meta":{"footnotes":""},"_links":{"self":[{"href":"https:\/\/www.fossglobal.com\/es\/wp-json\/wp\/v2\/pages\/356"}],"collection":[{"href":"https:\/\/www.fossglobal.com\/es\/wp-json\/wp\/v2\/pages"}],"about":[{"href":"https:\/\/www.fossglobal.com\/es\/wp-json\/wp\/v2\/types\/page"}],"author":[{"embeddable":true,"href":"https:\/\/www.fossglobal.com\/es\/wp-json\/wp\/v2\/users\/2"}],"replies":[{"embeddable":true,"href":"https:\/\/www.fossglobal.com\/es\/wp-json\/wp\/v2\/comments?post=356"}],"version-history":[{"count":2,"href":"https:\/\/www.fossglobal.com\/es\/wp-json\/wp\/v2\/pages\/356\/revisions"}],"predecessor-version":[{"id":646,"href":"https:\/\/www.fossglobal.com\/es\/wp-json\/wp\/v2\/pages\/356\/revisions\/646"}],"wp:attachment":[{"href":"https:\/\/www.fossglobal.com\/es\/wp-json\/wp\/v2\/media?parent=356"}],"curies":[{"name":"wp","href":"https:\/\/api.w.org\/{rel}","templated":true}]}}